{"id":136,"date":"2022-05-25T08:42:33","date_gmt":"2022-05-25T08:42:33","guid":{"rendered":"https:\/\/startersites.io\/blocksy\/barber-shop\/?post_type=product&#038;p=136"},"modified":"2025-05-14T12:15:47","modified_gmt":"2025-05-14T12:15:47","slug":"ullamcorper-dapibus","status":"publish","type":"product","link":"https:\/\/perlanails.com\/en\/product\/ullamcorper-dapibus\/","title":{"rendered":"Cuticle Oil 30 ML"},"content":{"rendered":"<p>Nuestro aceite de 30 ml es la elecci\u00f3n ideal para profesionales y entusiastas del cuidado de u\u00f1as. Ofrece una combinaci\u00f3n de aceites esenciales que restauran la flexibilidad de las cut\u00edculas, mejoran la apariencia de las u\u00f1as y proporcionan una sensaci\u00f3n de frescura duradera.<\/p>\n<p>Estos son algunos de los principales beneficios del uso de aceite de cut\u00edcula:<\/p>\n<ol class=\"wp-block-list\" start=\"1\">\n<li><strong>Hidrata y humecta:<\/strong> La principal ventaja del aceite para cut\u00edculas es que hidrata y humedece la piel que rodea las u\u00f1as.<\/li>\n<li><strong>Suaviza\u00a0cut\u00edculas:<\/strong>\u00a0Otra ventaja de utilizar aceite para cut\u00edculas es que las ablanda, lo que facilita su retirada con un palillo de madera o\u00a0cureta. Suavizar las cut\u00edculas tambi\u00e9n puede ayudar a evitar que se partan o desgarren.<\/li>\n<li><strong>Favorece la salud de las u\u00f1as:<\/strong> El aceite para cut\u00edculas ayuda a que las u\u00f1as crezcan sanas al hidratarlas.<\/li>\n<li><strong>Mejora\u00a0manicura<\/strong>s: Utilizar aceite para cut\u00edculas como parte de tu rutina de manicura mejorar\u00e1 la flexibilidad de la u\u00f1a (importante para evitar que se agriete, se parta o se rompa) y puede ayudar a mejorar su aspecto.<\/li>\n<li><strong>Calma la piel:\u00a0<\/strong>Por \u00faltimo, el aceite para cut\u00edculas puede ser un complemento calmante y relajante de la rutina de cuidado personal. Para muchas personas, masajear la piel y las u\u00f1as con el aceite es una experiencia calmante que alivia el estr\u00e9s.<\/li>\n<\/ol>","protected":false},"excerpt":{"rendered":"<p>Nuestro aceite de 30 ml es la elecci\u00f3n ideal para profesionales y entusiastas del cuidado de u\u00f1as. Ofrece una combinaci\u00f3n de aceites esenciales que restauran la flexibilidad de las cut\u00edculas, mejoran la apariencia de las u\u00f1as y proporcionan una sensaci\u00f3n de frescura duradera.<\/p>","protected":false},"featured_media":1692,"template":"","meta":[],"product_brand":[],"product_cat":[31],"product_tag":[],"class_list":{"0":"post-136","1":"product","2":"type-product","3":"status-publish","4":"has-post-thumbnail","6":"product_cat-aceite","8":"first","9":"instock","10":"sale","11":"shipping-taxable","12":"purchasable","13":"product-type-simple"},"_links":{"self":[{"href":"https:\/\/perlanails.com\/en\/wp-json\/wp\/v2\/product\/136","targetHints":{"allow":["GET"]}}],"collection":[{"href":"https:\/\/perlanails.com\/en\/wp-json\/wp\/v2\/product"}],"about":[{"href":"https:\/\/perlanails.com\/en\/wp-json\/wp\/v2\/types\/product"}],"wp:featuredmedia":[{"embeddable":true,"href":"https:\/\/perlanails.com\/en\/wp-json\/wp\/v2\/media\/1692"}],"wp:attachment":[{"href":"https:\/\/perlanails.com\/en\/wp-json\/wp\/v2\/media?parent=136"}],"wp:term":[{"taxonomy":"product_brand","embeddable":true,"href":"https:\/\/perlanails.com\/en\/wp-json\/wp\/v2\/product_brand?post=136"},{"taxonomy":"product_cat","embeddable":true,"href":"https:\/\/perlanails.com\/en\/wp-json\/wp\/v2\/product_cat?post=136"},{"taxonomy":"product_tag","embeddable":true,"href":"https:\/\/perlanails.com\/en\/wp-json\/wp\/v2\/product_tag?post=136"}],"curies":[{"name":"wp","href":"https:\/\/api.w.org\/{rel}","templated":true}]}}