{"id":134,"date":"2022-05-25T08:41:24","date_gmt":"2022-05-25T08:41:24","guid":{"rendered":"https:\/\/startersites.io\/blocksy\/barber-shop\/?post_type=product&#038;p=134"},"modified":"2025-05-14T12:16:29","modified_gmt":"2025-05-14T12:16:29","slug":"congue-mauris","status":"publish","type":"product","link":"https:\/\/perlanails.com\/en\/product\/congue-mauris\/","title":{"rendered":"Cuticle Oil 15 ML"},"content":{"rendered":"<p>Nutre y revitaliza tus cut\u00edculas con nuestro aceite de 15 ml. Formulado con aceites naturales y vitaminas esenciales, proporciona hidrataci\u00f3n profunda, previene la sequedad y fortalece las u\u00f1as desde la ra\u00edz. Ideal para uso diario y mantener unas manos impecables.<\/p>\n<p>Este aceite de r\u00e1pida absorci\u00f3n contiene vitaminas, antioxidantes y \u00e1cidos grasos esenciales que ayudan a hidratar y suavizar la piel alrededor de las u\u00f1as, dejando un suave aroma.<\/p>\n<p>Este aceite proporciona una hidrataci\u00f3n intensa para las cut\u00edculas secas y agrietadas y ayuda a prevenir futuros da\u00f1os para unas u\u00f1as m\u00e1s sanas.<\/p>","protected":false},"excerpt":{"rendered":"<p>Nutre y revitaliza tus cut\u00edculas con nuestro aceite de 15 ml. Formulado con aceites naturales y vitaminas esenciales, proporciona hidrataci\u00f3n profunda, previene la sequedad y fortalece las u\u00f1as desde la ra\u00edz. Ideal para uso diario y mantener unas manos impecables.<\/p>","protected":false},"featured_media":1690,"template":"","meta":[],"product_brand":[],"product_cat":[31],"product_tag":[],"class_list":{"0":"post-134","1":"product","2":"type-product","3":"status-publish","4":"has-post-thumbnail","6":"product_cat-aceite","8":"first","9":"instock","10":"sale","11":"shipping-taxable","12":"purchasable","13":"product-type-simple"},"_links":{"self":[{"href":"https:\/\/perlanails.com\/en\/wp-json\/wp\/v2\/product\/134","targetHints":{"allow":["GET"]}}],"collection":[{"href":"https:\/\/perlanails.com\/en\/wp-json\/wp\/v2\/product"}],"about":[{"href":"https:\/\/perlanails.com\/en\/wp-json\/wp\/v2\/types\/product"}],"wp:featuredmedia":[{"embeddable":true,"href":"https:\/\/perlanails.com\/en\/wp-json\/wp\/v2\/media\/1690"}],"wp:attachment":[{"href":"https:\/\/perlanails.com\/en\/wp-json\/wp\/v2\/media?parent=134"}],"wp:term":[{"taxonomy":"product_brand","embeddable":true,"href":"https:\/\/perlanails.com\/en\/wp-json\/wp\/v2\/product_brand?post=134"},{"taxonomy":"product_cat","embeddable":true,"href":"https:\/\/perlanails.com\/en\/wp-json\/wp\/v2\/product_cat?post=134"},{"taxonomy":"product_tag","embeddable":true,"href":"https:\/\/perlanails.com\/en\/wp-json\/wp\/v2\/product_tag?post=134"}],"curies":[{"name":"wp","href":"https:\/\/api.w.org\/{rel}","templated":true}]}}