{"id":132,"date":"2022-05-25T08:40:00","date_gmt":"2022-05-25T08:40:00","guid":{"rendered":"https:\/\/startersites.io\/blocksy\/barber-shop\/?post_type=product&#038;p=132"},"modified":"2025-05-14T12:16:48","modified_gmt":"2025-05-14T12:16:48","slug":"varius-tincidunt","status":"publish","type":"product","link":"https:\/\/perlanails.com\/en\/product\/varius-tincidunt\/","title":{"rendered":"Cuticle Oil 20 ML"},"content":{"rendered":"<p>Hidratar las cut\u00edculas y las u\u00f1as es esencial para mantener las u\u00f1as fuertes y saludables. \u00abLas cut\u00edculas bien hidratadas son menos propensas a agrietarse, lo que puede prevenir infecciones. La hidrataci\u00f3n tambi\u00e9n ayuda a mantener la barrera natural de la piel alrededor de las u\u00f1as, permitiendo un crecimiento \u00f3ptimo de las u\u00f1as\u00bb<\/p>","protected":false},"excerpt":{"rendered":"<p>Disfruta de una hidrataci\u00f3n prolongada con nuestro aceite de 20 ml. Su f\u00f3rmula enriquecida con antioxidantes ayuda a suavizar las cut\u00edculas, promoviendo un crecimiento saludable de las u\u00f1as y evitando padrastros. Perfecto para quienes buscan un cuidado intensivo.<\/p>","protected":false},"featured_media":1693,"template":"","meta":[],"product_brand":[],"product_cat":[31],"product_tag":[],"class_list":{"0":"post-132","1":"product","2":"type-product","3":"status-publish","4":"has-post-thumbnail","6":"product_cat-aceite","8":"first","9":"instock","10":"sale","11":"shipping-taxable","12":"purchasable","13":"product-type-simple"},"_links":{"self":[{"href":"https:\/\/perlanails.com\/en\/wp-json\/wp\/v2\/product\/132","targetHints":{"allow":["GET"]}}],"collection":[{"href":"https:\/\/perlanails.com\/en\/wp-json\/wp\/v2\/product"}],"about":[{"href":"https:\/\/perlanails.com\/en\/wp-json\/wp\/v2\/types\/product"}],"wp:featuredmedia":[{"embeddable":true,"href":"https:\/\/perlanails.com\/en\/wp-json\/wp\/v2\/media\/1693"}],"wp:attachment":[{"href":"https:\/\/perlanails.com\/en\/wp-json\/wp\/v2\/media?parent=132"}],"wp:term":[{"taxonomy":"product_brand","embeddable":true,"href":"https:\/\/perlanails.com\/en\/wp-json\/wp\/v2\/product_brand?post=132"},{"taxonomy":"product_cat","embeddable":true,"href":"https:\/\/perlanails.com\/en\/wp-json\/wp\/v2\/product_cat?post=132"},{"taxonomy":"product_tag","embeddable":true,"href":"https:\/\/perlanails.com\/en\/wp-json\/wp\/v2\/product_tag?post=132"}],"curies":[{"name":"wp","href":"https:\/\/api.w.org\/{rel}","templated":true}]}}