{"id":130,"date":"2022-05-25T08:38:56","date_gmt":"2022-05-25T08:38:56","guid":{"rendered":"https:\/\/startersites.io\/blocksy\/barber-shop\/?post_type=product&#038;p=130"},"modified":"2025-05-23T22:52:53","modified_gmt":"2025-05-23T22:52:53","slug":"congue-quisque","status":"publish","type":"product","link":"https:\/\/perlanails.com\/en\/product\/congue-quisque\/","title":{"rendered":"Cuticle Oil Set"},"content":{"rendered":"<p>Obt\u00e9n el paquete completo para el cuidado de tus cut\u00edculas. Este combo incluye los tres tama\u00f1os de nuestros aceites, permiti\u00e9ndote tener uno en casa, otro en tu bolso y uno en tu lugar de trabajo. Mant\u00e9n tus cut\u00edculas saludables y tus u\u00f1as radiantes en todo momento.<\/p>\n<p>Este aceite para cut\u00edculas es perfecto para<strong>\u00a0nutrir, lubricar y humectar<\/strong>\u00a0la piel del \u00e1rea de las cut\u00edculas, evitando as\u00ed asperezas.<\/p>\n<p>Su formulaci\u00f3n\u00a0<strong>rica en vitaminas C, E y antioxidantes,<\/strong>\u00a0consiguen dar a tu\u00a0<strong>piel<\/strong>\u00a0mayor\u00a0<strong>suavidad<\/strong>\u00a0y el cuidado necesario antes y despu\u00e9s de la manicura o simplemente para un cuidado diario.<\/p>\n<p>Entre sus principales beneficios, tambi\u00e9n se encuentra la de<strong>\u00a0evitar un crecimiento acelerado de la cut\u00edcula.\u00a0<\/strong><\/p>\n<p><strong>Caracter\u00edsticas:\u00a0<\/strong><br \/>\n&#8211; Humecta, nutre y lubrica la piel.<br \/>\n&#8211; Evita asperezas.<br \/>\n&#8211; Suaviza la piel.<\/p>\n<p><strong>Modo de empleo:\u00a0<\/strong><br \/>\n&#8211; Para tratar la cut\u00edcula da\u00f1ada o seca, aplica 3 veces al d\u00eda.<br \/>\n&#8211; Se recomienda utilizar despu\u00e9s de lavarse las manos.<br \/>\n&#8211; Evita que entre en contacto con las u\u00f1as de gel ya que puede opacar el color.<\/p>","protected":false},"excerpt":{"rendered":"<p>Obt\u00e9n el paquete completo para el cuidado de tus cut\u00edculas. Este combo incluye los tres tama\u00f1os de nuestros aceites, permiti\u00e9ndote tener uno en casa, otro en tu bolso y uno en tu lugar de trabajo. Mant\u00e9n tus cut\u00edculas saludables y tus u\u00f1as radiantes en todo momento.<\/p>\n<p>&nbsp;<\/p>","protected":false},"featured_media":1962,"template":"","meta":[],"product_brand":[],"product_cat":[31],"product_tag":[],"class_list":{"0":"post-130","1":"product","2":"type-product","3":"status-publish","4":"has-post-thumbnail","6":"product_cat-aceite","8":"first","9":"instock","10":"sale","11":"shipping-taxable","12":"purchasable","13":"product-type-simple"},"_links":{"self":[{"href":"https:\/\/perlanails.com\/en\/wp-json\/wp\/v2\/product\/130","targetHints":{"allow":["GET"]}}],"collection":[{"href":"https:\/\/perlanails.com\/en\/wp-json\/wp\/v2\/product"}],"about":[{"href":"https:\/\/perlanails.com\/en\/wp-json\/wp\/v2\/types\/product"}],"wp:featuredmedia":[{"embeddable":true,"href":"https:\/\/perlanails.com\/en\/wp-json\/wp\/v2\/media\/1962"}],"wp:attachment":[{"href":"https:\/\/perlanails.com\/en\/wp-json\/wp\/v2\/media?parent=130"}],"wp:term":[{"taxonomy":"product_brand","embeddable":true,"href":"https:\/\/perlanails.com\/en\/wp-json\/wp\/v2\/product_brand?post=130"},{"taxonomy":"product_cat","embeddable":true,"href":"https:\/\/perlanails.com\/en\/wp-json\/wp\/v2\/product_cat?post=130"},{"taxonomy":"product_tag","embeddable":true,"href":"https:\/\/perlanails.com\/en\/wp-json\/wp\/v2\/product_tag?post=130"}],"curies":[{"name":"wp","href":"https:\/\/api.w.org\/{rel}","templated":true}]}}