{"id":1453,"date":"2025-04-24T22:51:31","date_gmt":"2025-04-24T22:51:31","guid":{"rendered":"https:\/\/perlanails.com\/?page_id=1453"},"modified":"2026-01-06T15:03:53","modified_gmt":"2026-01-06T20:03:53","slug":"reservas","status":"publish","type":"page","link":"https:\/\/perlanails.com\/en\/reservas\/","title":{"rendered":"Appointments"},"content":{"rendered":"\t\t<div data-elementor-type=\"wp-page\" data-elementor-id=\"1453\" class=\"elementor elementor-1453\">\n\t\t\t\t<div class=\"elementor-element elementor-element-984d984 e-flex e-con-boxed e-con e-parent\" data-id=\"984d984\" data-element_type=\"container\" data-e-type=\"container\" data-settings=\"{&quot;background_background&quot;:&quot;classic&quot;}\">\n\t\t\t\t\t<div class=\"e-con-inner\">\n\t\t\t\t\t<\/div>\n\t\t\t\t<\/div>\n\t\t<div class=\"elementor-element elementor-element-00c8e54 e-flex e-con-boxed e-con e-parent\" data-id=\"00c8e54\" data-element_type=\"container\" data-e-type=\"container\">\n\t\t\t\t\t<div class=\"e-con-inner\">\n\t\t<div class=\"elementor-element elementor-element-0918584 e-con-full e-flex e-con e-child\" data-id=\"0918584\" data-element_type=\"container\" data-e-type=\"container\">\n\t\t\t\t<div class=\"elementor-element elementor-element-3de7ee1 elementor-widget elementor-widget-heading\" data-id=\"3de7ee1\" data-element_type=\"widget\" data-e-type=\"widget\" data-widget_type=\"heading.default\">\n\t\t\t\t<div class=\"elementor-widget-container\">\n\t\t\t\t\t<h2 class=\"elementor-heading-title elementor-size-default\">Haz brillar tu estilo. Reserva tu cita y transforma tus u\u00f1as con un solo clic.<\/h2>\t\t\t\t<\/div>\n\t\t\t\t<\/div>\n\t\t\t\t<div class=\"elementor-element elementor-element-4f481a9 elementor-widget elementor-widget-text-editor\" data-id=\"4f481a9\" data-element_type=\"widget\" data-e-type=\"widget\" data-widget_type=\"text-editor.default\">\n\t\t\t\t<div class=\"elementor-widget-container\">\n\t\t\t\t\t\t\t\t\t<p class=\"\" data-start=\"650\" data-end=\"948\">En <strong data-start=\"653\" data-end=\"668\">Perla Nails<\/strong> sabemos que tus manos hablan por ti. Cada u\u00f1a que dise\u00f1amos no es solo belleza, es expresi\u00f3n, cuidado y profesionalismo. Con t\u00e9cnicas modernas, materiales de alta calidad y un trato personalizado, te garantizamos una experiencia que va m\u00e1s all\u00e1 de una simple manicura o pedicura.<\/p><p class=\"\" data-start=\"950\" data-end=\"1013\">\u00bfLista para el cambio? Haz tu reserva ahora y asegura tu lugar.<\/p>\t\t\t\t\t\t\t\t<\/div>\n\t\t\t\t<\/div>\n\t\t\t\t<div class=\"elementor-element elementor-element-734f296 elementor-widget elementor-widget-heading\" data-id=\"734f296\" data-element_type=\"widget\" data-e-type=\"widget\" data-widget_type=\"heading.default\">\n\t\t\t\t<div class=\"elementor-widget-container\">\n\t\t\t\t\t<h2 class=\"elementor-heading-title elementor-size-default\">\u00bfPor qu\u00e9 reservar ahora?<\/h2>\t\t\t\t<\/div>\n\t\t\t\t<\/div>\n\t\t\t\t<div class=\"elementor-element elementor-element-7e352dd elementor-widget elementor-widget-text-editor\" data-id=\"7e352dd\" data-element_type=\"widget\" data-e-type=\"widget\" data-widget_type=\"text-editor.default\">\n\t\t\t\t<div class=\"elementor-widget-container\">\n\t\t\t\t\t\t\t\t\t<ul><li class=\"\" data-start=\"1440\" data-end=\"1506\"><p class=\"\" data-start=\"1442\" data-end=\"1506\">\ud83d\udc8e Atenci\u00f3n personalizada con profesionales en belleza de u\u00f1as<\/p><\/li><li class=\"\" data-start=\"1507\" data-end=\"1549\"><p class=\"\" data-start=\"1509\" data-end=\"1549\">\ud83d\udd53 Puntualidad y respeto por tu tiempo<\/p><\/li><li class=\"\" data-start=\"1550\" data-end=\"1598\"><p class=\"\" data-start=\"1552\" data-end=\"1598\">\ud83c\udf38 Ambientes limpios, elegantes y acogedores<\/p><\/li><li class=\"\" data-start=\"1599\" data-end=\"1640\"><p class=\"\" data-start=\"1601\" data-end=\"1640\">\ud83c\udfa8 Dise\u00f1os \u00fanicos adaptados a tu estilo<\/p><\/li><\/ul><p class=\"\" data-start=\"950\" data-end=\"1013\">\u00a0<\/p>\t\t\t\t\t\t\t\t<\/div>\n\t\t\t\t<\/div>\n\t\t\t\t<\/div>\n\t\t<div class=\"elementor-element elementor-element-ab698f4 e-con-full e-flex e-con e-child\" data-id=\"ab698f4\" data-element_type=\"container\" data-e-type=\"container\">\n\t\t\t\t<div class=\"elementor-element elementor-element-3b4f57b elementor-widget elementor-widget-image\" data-id=\"3b4f57b\" data-element_type=\"widget\" data-e-type=\"widget\" data-widget_type=\"image.default\">\n\t\t\t\t<div class=\"elementor-widget-container\">\n\t\t\t\t\t\t\t\t\t\t\t\t\t\t\t<img fetchpriority=\"high\" decoding=\"async\" width=\"1024\" height=\"892\" src=\"https:\/\/perlanails.com\/wp-content\/uploads\/2025\/04\/Servicios-perla-1024x892.png\" class=\"attachment-large size-large wp-image-1456\" alt=\"\" srcset=\"https:\/\/perlanails.com\/wp-content\/uploads\/2025\/04\/Servicios-perla-1024x892.png 1024w, https:\/\/perlanails.com\/wp-content\/uploads\/2025\/04\/Servicios-perla-300x261.png 300w, https:\/\/perlanails.com\/wp-content\/uploads\/2025\/04\/Servicios-perla-768x669.png 768w, https:\/\/perlanails.com\/wp-content\/uploads\/2025\/04\/Servicios-perla-600x523.png 600w, https:\/\/perlanails.com\/wp-content\/uploads\/2025\/04\/Servicios-perla.png 1240w\" sizes=\"(max-width: 1024px) 100vw, 1024px\" \/>\t\t\t\t\t\t\t\t\t\t\t\t\t\t\t<\/div>\n\t\t\t\t<\/div>\n\t\t\t\t<\/div>\n\t\t\t\t\t<\/div>\n\t\t\t\t<\/div>\n\t\t<div class=\"elementor-element elementor-element-a5cb97d e-flex e-con-boxed e-con e-parent\" data-id=\"a5cb97d\" data-element_type=\"container\" data-e-type=\"container\">\n\t\t\t\t\t<div class=\"e-con-inner\">\n\t\t\t\t<div class=\"elementor-element elementor-element-b596941 elementor-widget elementor-widget-heading\" data-id=\"b596941\" data-element_type=\"widget\" data-e-type=\"widget\" data-widget_type=\"heading.default\">\n\t\t\t\t<div class=\"elementor-widget-container\">\n\t\t\t\t\t<h2 class=\"elementor-heading-title elementor-size-default\">Pol\u00edtica de reservaciones<\/h2>\t\t\t\t<\/div>\n\t\t\t\t<\/div>\n\t\t\t\t\t<\/div>\n\t\t\t\t<\/div>\n\t\t<div class=\"elementor-element elementor-element-7a58a2d e-flex e-con-boxed e-con e-parent\" data-id=\"7a58a2d\" data-element_type=\"container\" data-e-type=\"container\">\n\t\t\t\t\t<div class=\"e-con-inner\">\n\t\t<div class=\"elementor-element elementor-element-d2588e0 e-con-full e-flex e-con e-child\" data-id=\"d2588e0\" data-element_type=\"container\" data-e-type=\"container\">\n\t\t\t\t<div class=\"elementor-element elementor-element-448084a elementor-widget elementor-widget-heading\" data-id=\"448084a\" data-element_type=\"widget\" data-e-type=\"widget\" data-widget_type=\"heading.default\">\n\t\t\t\t<div class=\"elementor-widget-container\">\n\t\t\t\t\t<h2 class=\"elementor-heading-title elementor-size-default\">Gracias por reservar con Perla Nails \ud83d\udc85<\/h2>\t\t\t\t<\/div>\n\t\t\t\t<\/div>\n\t\t\t\t<div class=\"elementor-element elementor-element-83c6860 elementor-widget elementor-widget-text-editor\" data-id=\"83c6860\" data-element_type=\"widget\" data-e-type=\"widget\" data-widget_type=\"text-editor.default\">\n\t\t\t\t<div class=\"elementor-widget-container\">\n\t\t\t\t\t\t\t\t\t<p>Cada espacio de nuestra agenda est\u00e1 cuidadosamente reservado para ti.<\/p><p>\u274c Para que tu <strong>CITA<\/strong> sea <strong>ACEPTADA<\/strong> tendr\u00e1s que enviar un deposito para cualquier servicio de manos.\u00a0 y para servicio de pedicura. Enviar via <strong>Zelle<\/strong> al <strong>617-516-3473,<\/strong> <strong>o pagar con tarjeta de debito o credito en nuestro sistema.<\/strong><\/p><p>\ud83d\udd01 Puedes reprogramar tu cita hasta **<strong>48 horas antes<\/strong>** sin ning\u00fan cargo.<\/p><p>\u274c Si no te presentas a tu cita y no <strong>reprogramas a tiempo<\/strong>, deber\u00e1s cubrir el **<strong>40% del costo del servicio reservado<\/strong>**, ya que ese espacio no podr\u00e1 ser utilizado por otra persona.<\/p><p class=\"\" data-start=\"950\" data-end=\"1013\">\u00bfLista para el cambio? Haz tu reserva ahora y asegura tu lugar.<\/p>\t\t\t\t\t\t\t\t<\/div>\n\t\t\t\t<\/div>\n\t\t\t\t<div class=\"elementor-element elementor-element-7104608 elementor-widget elementor-widget-text-editor\" data-id=\"7104608\" data-element_type=\"widget\" data-e-type=\"widget\" data-widget_type=\"text-editor.default\">\n\t\t\t\t<div class=\"elementor-widget-container\">\n\t\t\t\t\t\t\t\t\t<p>\u274c Amamos a los ni\u00f1os, pero este espacio no est\u00e1 adaptado para ellos. Por favor,<strong><span style=\"color: #93806f;\"> les pedimos no traerlos.<\/span> <\/strong>\u00a1Gracias por su comprensi\u00f3n!<\/p>\t\t\t\t\t\t\t\t<\/div>\n\t\t\t\t<\/div>\n\t\t\t\t<\/div>\n\t\t<div class=\"elementor-element elementor-element-68f1b98 e-con-full e-flex e-con e-child\" data-id=\"68f1b98\" data-element_type=\"container\" data-e-type=\"container\">\n\t\t\t\t<div class=\"elementor-element elementor-element-226d183 elementor-widget elementor-widget-heading\" data-id=\"226d183\" data-element_type=\"widget\" data-e-type=\"widget\" data-widget_type=\"heading.default\">\n\t\t\t\t<div class=\"elementor-widget-container\">\n\t\t\t\t\t<h2 class=\"elementor-heading-title elementor-size-default\">\ud83d\udcb5 M\u00e9todos de pago:<\/h2>\t\t\t\t<\/div>\n\t\t\t\t<\/div>\n\t\t\t\t<div class=\"elementor-element elementor-element-57a87ba elementor-widget elementor-widget-text-editor\" data-id=\"57a87ba\" data-element_type=\"widget\" data-e-type=\"widget\" data-widget_type=\"text-editor.default\">\n\t\t\t\t<div class=\"elementor-widget-container\">\n\t\t\t\t\t\t\t\t\t<p><strong><em data-start=\"2025\" data-end=\"2042\">Pagar por Zelle<\/em><\/strong><\/p><p>\u00a0perlanails19@gmail.com<\/p>\t\t\t\t\t\t\t\t<\/div>\n\t\t\t\t<\/div>\n\t\t\t\t<div class=\"elementor-element elementor-element-6663473 elementor-mobile-align-center elementor-widget elementor-widget-button\" data-id=\"6663473\" data-element_type=\"widget\" data-e-type=\"widget\" data-widget_type=\"button.default\">\n\t\t\t\t<div class=\"elementor-widget-container\">\n\t\t\t\t\t\t\t\t\t<div class=\"elementor-button-wrapper\">\n\t\t\t\t\t<a class=\"elementor-button elementor-button-link elementor-size-lg\" href=\"https:\/\/perlanails.com\/services\/\">\n\t\t\t\t\t\t<span class=\"elementor-button-content-wrapper\">\n\t\t\t\t\t\t\t\t\t<span class=\"elementor-button-text\">Pagar con tarjeta<\/span>\n\t\t\t\t\t<\/span>\n\t\t\t\t\t<\/a>\n\t\t\t\t<\/div>\n\t\t\t\t\t\t\t\t<\/div>\n\t\t\t\t<\/div>\n\t\t\t\t<div class=\"elementor-element elementor-element-768c60d elementor-widget elementor-widget-text-editor\" data-id=\"768c60d\" data-element_type=\"widget\" data-e-type=\"widget\" data-widget_type=\"text-editor.default\">\n\t\t\t\t<div class=\"elementor-widget-container\">\n\t\t\t\t\t\t\t\t\t<p>Gracias por tu comprensi\u00f3n y por respetar el tiempo que dedicamos a tu cuidado.<\/p>\t\t\t\t\t\t\t\t<\/div>\n\t\t\t\t<\/div>\n\t\t\t\t<div class=\"elementor-element elementor-element-93fe7f7 elementor-widget elementor-widget-text-editor\" data-id=\"93fe7f7\" data-element_type=\"widget\" data-e-type=\"widget\" data-widget_type=\"text-editor.default\">\n\t\t\t\t<div class=\"elementor-widget-container\">\n\t\t\t\t\t\t\t\t\t<p>Revisa tu correo electr\u00f3nico y verifica la confirmaci\u00f3n de LA CITA.<\/p>\t\t\t\t\t\t\t\t<\/div>\n\t\t\t\t<\/div>\n\t\t\t\t<div class=\"elementor-element elementor-element-9f7dc0a elementor-mobile-align-center elementor-widget elementor-widget-button\" data-id=\"9f7dc0a\" data-element_type=\"widget\" data-e-type=\"widget\" data-widget_type=\"button.default\">\n\t\t\t\t<div class=\"elementor-widget-container\">\n\t\t\t\t\t\t\t\t\t<div class=\"elementor-button-wrapper\">\n\t\t\t\t\t<a class=\"elementor-button elementor-button-link elementor-size-lg\" href=\"https:\/\/wa.link\/ukj2nk\">\n\t\t\t\t\t\t<span class=\"elementor-button-content-wrapper\">\n\t\t\t\t\t\t\t\t\t<span class=\"elementor-button-text\">Enviar comprobante de pago<\/span>\n\t\t\t\t\t<\/span>\n\t\t\t\t\t<\/a>\n\t\t\t\t<\/div>\n\t\t\t\t\t\t\t\t<\/div>\n\t\t\t\t<\/div>\n\t\t\t\t<\/div>\n\t\t\t\t\t<\/div>\n\t\t\t\t<\/div>\n\t\t<div class=\"elementor-element elementor-element-2920195 e-flex e-con-boxed e-con e-parent\" data-id=\"2920195\" data-element_type=\"container\" data-e-type=\"container\">\n\t\t\t\t\t<div class=\"e-con-inner\">\n\t\t\t\t<div class=\"elementor-element elementor-element-711a335 elementor-widget elementor-widget-heading\" data-id=\"711a335\" data-element_type=\"widget\" data-e-type=\"widget\" data-widget_type=\"heading.default\">\n\t\t\t\t<div class=\"elementor-widget-container\">\n\t\t\t\t\t<h2 class=\"elementor-heading-title elementor-size-default\">Has tu reserva aqu\u00ed<\/h2>\t\t\t\t<\/div>\n\t\t\t\t<\/div>\n\t\t\t\t\t<\/div>\n\t\t\t\t<\/div>\n\t\t<div class=\"elementor-element elementor-element-91e55e6 e-flex e-con-boxed e-con e-parent\" data-id=\"91e55e6\" data-element_type=\"container\" data-e-type=\"container\">\n\t\t\t\t\t<div class=\"e-con-inner\">\n\t\t\t\t<div class=\"elementor-element elementor-element-91f6a3b elementor-widget elementor-widget-heading\" data-id=\"91f6a3b\" data-element_type=\"widget\" data-e-type=\"widget\" data-widget_type=\"heading.default\">\n\t\t\t\t<div class=\"elementor-widget-container\">\n\t\t\t\t\t<h2 class=\"elementor-heading-title elementor-size-default\">Revisa Spam si no ves tu confirmaci\u00f3n. Marca \u2018No es spam\u2019<\/h2>\t\t\t\t<\/div>\n\t\t\t\t<\/div>\n\t\t\t\t\t<\/div>\n\t\t\t\t<\/div>\n\t\t<div class=\"elementor-element elementor-element-e5c1802 e-flex e-con-boxed e-con e-parent\" data-id=\"e5c1802\" data-element_type=\"container\" data-e-type=\"container\">\n\t\t\t\t\t<div class=\"e-con-inner\">\n\t\t<div class=\"elementor-element elementor-element-6abe631 e-con-full e-flex e-con e-child\" data-id=\"6abe631\" data-element_type=\"container\" data-e-type=\"container\">\n\t\t\t\t<div class=\"elementor-element elementor-element-a50db99 elementor-widget elementor-widget-catalogbooking\" data-id=\"a50db99\" data-element_type=\"widget\" data-e-type=\"widget\" data-widget_type=\"catalogbooking.default\">\n\t\t\t\t<div class=\"elementor-widget-container\">\n\t\t\t\t\t\n<script>\n  if (typeof hasAmeliaEntitiesApiCall === 'undefined' && ('' === '' && '' !== '1')) {\n    var hasAmeliaEntitiesApiCall = true;\n  }\n  var ameliaShortcodeData = (typeof ameliaShortcodeData === 'undefined') ? [] : ameliaShortcodeData;\n  ameliaShortcodeData.push(\n    {\n      'hasApiCall': (typeof hasAmeliaEntitiesApiCall !== 'undefined') && hasAmeliaEntitiesApiCall,\n      'trigger': '',\n      'trigger_type': '',\n      'triggered_form': 'cbf',\n      'in_dialog': '',\n      'show': '',\n      'counter': '1000',\n      'package': '',\n      'category': '',\n      'service': '',\n      'employee': '',\n      'location': '',\n      'categories_hidden': ''\n    }\n  );\n  var ameliaShortcodeDataTriggered = (typeof ameliaShortcodeDataTriggered === 'undefined') ? [] : ameliaShortcodeDataTriggered;\n  if (ameliaShortcodeData[ameliaShortcodeData.length - 1].trigger !== '') {\n    if (ameliaShortcodeDataTriggered.filter(a => a.counter === ameliaShortcodeData[ameliaShortcodeData.length - 1].counter).length === 0) {\n      ameliaShortcodeDataTriggered.push(ameliaShortcodeData.pop());\n    } else {\n      ameliaShortcodeData.pop()\n    }\n  }\n  if (typeof hasAmeliaEntitiesApiCall !== 'undefined' && hasAmeliaEntitiesApiCall) {\n    hasAmeliaEntitiesApiCall = false;\n  }\n<\/script>\n\n<div\n  id=\"amelia-v2-booking-1000\"\n  class=\"amelia-v2-booking\"\n>\n    <catalog-form-wrapper><\/catalog-form-wrapper><\/div>\n\t\t\t\t<\/div>\n\t\t\t\t<\/div>\n\t\t\t\t<\/div>\n\t\t\t\t\t<\/div>\n\t\t\t\t<\/div>\n\t\t<div class=\"elementor-element elementor-element-29d19a8 e-flex e-con-boxed e-con e-parent\" data-id=\"29d19a8\" data-element_type=\"container\" data-e-type=\"container\">\n\t\t\t\t\t<div class=\"e-con-inner\">\n\t\t\t\t\t<\/div>\n\t\t\t\t<\/div>\n\t\t<div class=\"elementor-element elementor-element-7e864a9 e-flex e-con-boxed e-con e-parent\" data-id=\"7e864a9\" data-element_type=\"container\" data-e-type=\"container\">\n\t\t\t\t\t<div class=\"e-con-inner\">\n\t\t\t\t\t<\/div>\n\t\t\t\t<\/div>\n\t\t<div class=\"elementor-element elementor-element-0a97537 e-flex e-con-boxed e-con e-parent\" data-id=\"0a97537\" data-element_type=\"container\" data-e-type=\"container\">\n\t\t\t\t\t<div class=\"e-con-inner\">\n\t\t\t\t<div class=\"elementor-element elementor-element-0836a3d elementor-widget elementor-widget-heading\" data-id=\"0836a3d\" data-element_type=\"widget\" data-e-type=\"widget\" data-widget_type=\"heading.default\">\n\t\t\t\t<div class=\"elementor-widget-container\">\n\t\t\t\t\t<h2 class=\"elementor-heading-title elementor-size-default\">Consentir tus manos debe ser una PRIORIDAD<\/h2>\t\t\t\t<\/div>\n\t\t\t\t<\/div>\n\t\t\t\t<div class=\"elementor-element elementor-element-ab5c5f3 elementor-widget elementor-widget-image\" data-id=\"ab5c5f3\" data-element_type=\"widget\" data-e-type=\"widget\" data-widget_type=\"image.default\">\n\t\t\t\t<div class=\"elementor-widget-container\">\n\t\t\t\t\t\t\t\t\t\t\t\t\t\t\t<img decoding=\"async\" width=\"1024\" height=\"599\" src=\"https:\/\/perlanails.com\/wp-content\/uploads\/2025\/08\/Perla-Nails-Gift-Card-Manicure-full-1024x599.jpg\" class=\"attachment-large size-large wp-image-2191\" alt=\"\" srcset=\"https:\/\/perlanails.com\/wp-content\/uploads\/2025\/08\/Perla-Nails-Gift-Card-Manicure-full-1024x599.jpg 1024w, https:\/\/perlanails.com\/wp-content\/uploads\/2025\/08\/Perla-Nails-Gift-Card-Manicure-full-300x175.jpg 300w, https:\/\/perlanails.com\/wp-content\/uploads\/2025\/08\/Perla-Nails-Gift-Card-Manicure-full-768x449.jpg 768w, https:\/\/perlanails.com\/wp-content\/uploads\/2025\/08\/Perla-Nails-Gift-Card-Manicure-full-18x12.jpg 18w, https:\/\/perlanails.com\/wp-content\/uploads\/2025\/08\/Perla-Nails-Gift-Card-Manicure-full-600x351.jpg 600w, https:\/\/perlanails.com\/wp-content\/uploads\/2025\/08\/Perla-Nails-Gift-Card-Manicure-full.jpg 1083w\" sizes=\"(max-width: 1024px) 100vw, 1024px\" \/>\t\t\t\t\t\t\t\t\t\t\t\t\t\t\t<\/div>\n\t\t\t\t<\/div>\n\t\t\t\t<div class=\"elementor-element elementor-element-abb8eff elementor-widget elementor-widget-heading\" data-id=\"abb8eff\" data-element_type=\"widget\" data-e-type=\"widget\" data-widget_type=\"heading.default\">\n\t\t\t\t<div class=\"elementor-widget-container\">\n\t\t\t\t\t<h2 class=\"elementor-heading-title elementor-size-default\">Tus pies merecen cari\u00f1o<\/h2>\t\t\t\t<\/div>\n\t\t\t\t<\/div>\n\t\t\t\t<div class=\"elementor-element elementor-element-9408f83 elementor-widget elementor-widget-image\" data-id=\"9408f83\" data-element_type=\"widget\" data-e-type=\"widget\" data-widget_type=\"image.default\">\n\t\t\t\t<div class=\"elementor-widget-container\">\n\t\t\t\t\t\t\t\t\t\t\t\t\t\t\t<img decoding=\"async\" width=\"1024\" height=\"599\" src=\"https:\/\/perlanails.com\/wp-content\/uploads\/2025\/08\/Perla-Nails-Gift-Card-Pedicure--1024x599.jpg\" class=\"attachment-large size-large wp-image-2170\" alt=\"\" srcset=\"https:\/\/perlanails.com\/wp-content\/uploads\/2025\/08\/Perla-Nails-Gift-Card-Pedicure--1024x599.jpg 1024w, https:\/\/perlanails.com\/wp-content\/uploads\/2025\/08\/Perla-Nails-Gift-Card-Pedicure--300x175.jpg 300w, https:\/\/perlanails.com\/wp-content\/uploads\/2025\/08\/Perla-Nails-Gift-Card-Pedicure--768x449.jpg 768w, https:\/\/perlanails.com\/wp-content\/uploads\/2025\/08\/Perla-Nails-Gift-Card-Pedicure--18x12.jpg 18w, https:\/\/perlanails.com\/wp-content\/uploads\/2025\/08\/Perla-Nails-Gift-Card-Pedicure--600x351.jpg 600w, https:\/\/perlanails.com\/wp-content\/uploads\/2025\/08\/Perla-Nails-Gift-Card-Pedicure-.jpg 1083w\" sizes=\"(max-width: 1024px) 100vw, 1024px\" \/>\t\t\t\t\t\t\t\t\t\t\t\t\t\t\t<\/div>\n\t\t\t\t<\/div>\n\t\t\t\t<div class=\"elementor-element elementor-element-070d03e elementor-widget elementor-widget-text-editor\" data-id=\"070d03e\" data-element_type=\"widget\" data-e-type=\"widget\" data-widget_type=\"text-editor.default\">\n\t\t\t\t<div class=\"elementor-widget-container\">\n\t\t\t\t\t\t\t\t\t<p><strong>Reserva tu cita y transforma tus u\u00f1as con un solo clic<\/strong><\/p>\t\t\t\t\t\t\t\t<\/div>\n\t\t\t\t<\/div>\n\t\t\t\t\t<\/div>\n\t\t\t\t<\/div>\n\t\t<div class=\"elementor-element elementor-element-145fccf e-flex e-con-boxed e-con e-parent\" data-id=\"145fccf\" data-element_type=\"container\" data-e-type=\"container\">\n\t\t\t\t\t<div class=\"e-con-inner\">\n\t\t\t\t<div class=\"elementor-element elementor-element-54015fa elementor-widget elementor-widget-image\" data-id=\"54015fa\" data-element_type=\"widget\" data-e-type=\"widget\" data-widget_type=\"image.default\">\n\t\t\t\t<div class=\"elementor-widget-container\">\n\t\t\t\t\t\t\t\t\t\t\t\t\t\t\t<img loading=\"lazy\" decoding=\"async\" width=\"675\" height=\"123\" src=\"https:\/\/perlanails.com\/wp-content\/uploads\/2025\/04\/Mejor-logo.png\" class=\"attachment-large size-large wp-image-1141\" alt=\"\" srcset=\"https:\/\/perlanails.com\/wp-content\/uploads\/2025\/04\/Mejor-logo.png 675w, https:\/\/perlanails.com\/wp-content\/uploads\/2025\/04\/Mejor-logo-300x55.png 300w, https:\/\/perlanails.com\/wp-content\/uploads\/2025\/04\/Mejor-logo-600x109.png 600w\" sizes=\"(max-width: 675px) 100vw, 675px\" \/>\t\t\t\t\t\t\t\t\t\t\t\t\t\t\t<\/div>\n\t\t\t\t<\/div>\n\t\t\t\t\t<\/div>\n\t\t\t\t<\/div>\n\t\t\t\t<\/div>\n\t\t","protected":false},"excerpt":{"rendered":"<p>Haz brillar tu estilo. Reserva tu cita y transforma tus u\u00f1as con un solo clic. En Perla Nails sabemos que tus manos hablan por ti. Cada u\u00f1a que dise\u00f1amos no es solo belleza, es expresi\u00f3n, cuidado y profesionalismo. Con t\u00e9cnicas modernas, materiales de alta calidad y un trato personalizado, te garantizamos una experiencia que va [&hellip;]<\/p>\n","protected":false},"author":1,"featured_media":0,"parent":0,"menu_order":0,"comment_status":"closed","ping_status":"closed","template":"elementor_canvas","meta":{"footnotes":""},"class_list":["post-1453","page","type-page","status-publish","hentry"],"blocksy_meta":[],"_links":{"self":[{"href":"https:\/\/perlanails.com\/en\/wp-json\/wp\/v2\/pages\/1453","targetHints":{"allow":["GET"]}}],"collection":[{"href":"https:\/\/perlanails.com\/en\/wp-json\/wp\/v2\/pages"}],"about":[{"href":"https:\/\/perlanails.com\/en\/wp-json\/wp\/v2\/types\/page"}],"author":[{"embeddable":true,"href":"https:\/\/perlanails.com\/en\/wp-json\/wp\/v2\/users\/1"}],"replies":[{"embeddable":true,"href":"https:\/\/perlanails.com\/en\/wp-json\/wp\/v2\/comments?post=1453"}],"version-history":[{"count":232,"href":"https:\/\/perlanails.com\/en\/wp-json\/wp\/v2\/pages\/1453\/revisions"}],"predecessor-version":[{"id":2324,"href":"https:\/\/perlanails.com\/en\/wp-json\/wp\/v2\/pages\/1453\/revisions\/2324"}],"wp:attachment":[{"href":"https:\/\/perlanails.com\/en\/wp-json\/wp\/v2\/media?parent=1453"}],"curies":[{"name":"wp","href":"https:\/\/api.w.org\/{rel}","templated":true}]}}